{"id":50,"date":"2022-09-21T13:20:18","date_gmt":"2022-09-21T13:20:18","guid":{"rendered":"https:\/\/altomusictherapy.ca\/?page_id=50"},"modified":"2023-04-24T14:04:28","modified_gmt":"2023-04-24T14:04:28","slug":"mitm","status":"publish","type":"page","link":"https:\/\/altomusictherapy.ca\/fr\/mitm\/","title":{"rendered":"Meet In The Music\u00a9 (MITM)"},"content":{"rendered":"<p class=\"has-black-color has-text-color\" style=\"font-size:18px\">Meet In The Music\u00a9 (MITM) est un programme de musicoth\u00e9rapie pour les troubles du spectre autistique et les besoins sp\u00e9ciaux qui comprend des interventions originales, des chansons et une banque d'objectifs cliniques. Il comprend des interventions personnalisables sp\u00e9cifiques \u00e0 la musicoth\u00e9rapie, des \u00e9valuations, des partitions t\u00e9l\u00e9chargeables, des d\u00e9monstrations vid\u00e9o, ainsi qu'un large \u00e9ventail et une s\u00e9quence pour l'acquisition de comp\u00e9tences dans de nombreux domaines. Lorsque je travaille dans mon studio de musicoth\u00e9rapie \u00e0 domicile, j'utilise toujours le programme MITM lorsque cela est possible. <\/p>\n\n\n\n<figure class=\"wp-block-image size-large is-resized is-style-default\"><a href=\"https:\/\/images.squarespace-cdn.com\/content\/v1\/534dfba6e4b0aa84136925c6\/32f86055-7dba-468a-a695-41cefb1af37b\/MITM+Categories+pic.png?format=2500w\" target=\"_blank\" rel=\"noreferrer noopener\"><img decoding=\"async\" loading=\"lazy\" src=\"https:\/\/altomusictherapy.ca\/wp-content\/uploads\/2022\/09\/MITMCategoriespic-1024x393.png\" alt=\"\" class=\"wp-image-190\" width=\"945\" height=\"362\" srcset=\"https:\/\/altomusictherapy.ca\/wp-content\/uploads\/2022\/09\/MITMCategoriespic-1024x393.png 1024w, https:\/\/altomusictherapy.ca\/wp-content\/uploads\/2022\/09\/MITMCategoriespic-300x115.png 300w, https:\/\/altomusictherapy.ca\/wp-content\/uploads\/2022\/09\/MITMCategoriespic-768x295.png 768w, https:\/\/altomusictherapy.ca\/wp-content\/uploads\/2022\/09\/MITMCategoriespic-1536x589.png 1536w, https:\/\/altomusictherapy.ca\/wp-content\/uploads\/2022\/09\/MITMCategoriespic.png 1627w\" sizes=\"(max-width: 945px) 100vw, 945px\" \/><\/a><\/figure>\n\n\n\n<p><\/p>","protected":false},"excerpt":{"rendered":"<p>Meet In The Music\u00a9 (MITM) is a music therapy curriculum for autism and special needs that includes original interventions, songs, and a clinical goals bank. [&hellip;]<\/p>","protected":false},"author":1,"featured_media":0,"parent":0,"menu_order":0,"comment_status":"closed","ping_status":"closed","template":"","meta":{"om_disable_all_campaigns":false,"_monsterinsights_skip_tracking":false,"_monsterinsights_sitenote_active":false,"_monsterinsights_sitenote_note":"","_monsterinsights_sitenote_category":0},"aioseo_notices":[],"_links":{"self":[{"href":"https:\/\/altomusictherapy.ca\/fr\/wp-json\/wp\/v2\/pages\/50"}],"collection":[{"href":"https:\/\/altomusictherapy.ca\/fr\/wp-json\/wp\/v2\/pages"}],"about":[{"href":"https:\/\/altomusictherapy.ca\/fr\/wp-json\/wp\/v2\/types\/page"}],"author":[{"embeddable":true,"href":"https:\/\/altomusictherapy.ca\/fr\/wp-json\/wp\/v2\/users\/1"}],"replies":[{"embeddable":true,"href":"https:\/\/altomusictherapy.ca\/fr\/wp-json\/wp\/v2\/comments?post=50"}],"version-history":[{"count":15,"href":"https:\/\/altomusictherapy.ca\/fr\/wp-json\/wp\/v2\/pages\/50\/revisions"}],"predecessor-version":[{"id":211,"href":"https:\/\/altomusictherapy.ca\/fr\/wp-json\/wp\/v2\/pages\/50\/revisions\/211"}],"wp:attachment":[{"href":"https:\/\/altomusictherapy.ca\/fr\/wp-json\/wp\/v2\/media?parent=50"}],"curies":[{"name":"wp","href":"https:\/\/api.w.org\/{rel}","templated":true}]}}