{"id":48,"date":"2022-09-21T13:20:18","date_gmt":"2022-09-21T13:20:18","guid":{"rendered":"https:\/\/altomusictherapy.ca\/?page_id=48"},"modified":"2022-10-06T20:32:38","modified_gmt":"2022-10-06T20:32:38","slug":"about","status":"publish","type":"page","link":"https:\/\/altomusictherapy.ca\/fr\/about\/","title":{"rendered":"\u00c0 Propos"},"content":{"rendered":"<div class=\"is-layout-flex wp-container-5 wp-block-columns\">\n<div class=\"is-layout-flow wp-block-column\">\n<div class=\"is-layout-flex wp-container-3 wp-block-columns\">\n<div class=\"is-layout-flow wp-block-column\">\n<figure class=\"wp-block-image size-large is-resized is-style-default\"><img decoding=\"async\" loading=\"lazy\" src=\"https:\/\/altomusictherapy.ca\/wp-content\/uploads\/2022\/09\/Nick-Smith-Headshot-1-Resized-870x1024.jpg\" alt=\"\" class=\"wp-image-160\" width=\"339\" height=\"399\" srcset=\"https:\/\/altomusictherapy.ca\/wp-content\/uploads\/2022\/09\/Nick-Smith-Headshot-1-Resized-870x1024.jpg 870w, https:\/\/altomusictherapy.ca\/wp-content\/uploads\/2022\/09\/Nick-Smith-Headshot-1-Resized-255x300.jpg 255w, https:\/\/altomusictherapy.ca\/wp-content\/uploads\/2022\/09\/Nick-Smith-Headshot-1-Resized-768x904.jpg 768w, https:\/\/altomusictherapy.ca\/wp-content\/uploads\/2022\/09\/Nick-Smith-Headshot-1-Resized-1305x1536.jpg 1305w, https:\/\/altomusictherapy.ca\/wp-content\/uploads\/2022\/09\/Nick-Smith-Headshot-1-Resized-1740x2048.jpg 1740w\" sizes=\"(max-width: 339px) 100vw, 339px\" \/><figcaption>Nicholas Smith, MTA, MT-BC. Photo prise par Evan Smith<\/figcaption><\/figure>\n<\/div>\n\n\n\n<div class=\"is-layout-flow wp-block-column\">\n<p class=\"has-text-align-center\"><strong>Nicholas Smith<\/strong><\/p>\n\n\n\n<p class=\"has-brown-color has-text-color\" style=\"font-size:18px\">Nicholas Smith est un musicoth\u00e9rapeute certifi\u00e9, ayant pass\u00e9 l'examen du Certification Board for Music Therapists en juin 2022. Nicholas d\u00e9tient \u00e9galement un dipl\u00f4me d'\u00e9tudes sup\u00e9rieures en musicoth\u00e9rapie de l'Universit\u00e9 Concordia et un baccalaur\u00e9at en interpr\u00e9tation, guitare classique de l'Universit\u00e9 de Moncton.<\/p>\n\n\n\n<p class=\"has-brown-color has-text-color has-regular-font-size\">Nick a jou\u00e9 du piano, du trombone et a chant\u00e9 dans la chorale pendant son enfance, mais il n'a trouv\u00e9 sa v\u00e9ritable identit\u00e9 musicale que lorsqu'il a re\u00e7u une guitare pour son 13e anniversaire. Sur le coup, Nick a constat\u00e9 que jouer de la musique \u00e0 la guitare avait un effet positif dans tous les domaines de sa vie. 25 ans plus tard, Nick apporte son exp\u00e9rience \u00e0 musicoth\u00e9rapie d'Alto, pour aider les autres dans les domaines acad\u00e9mique, cognitif, communicationnel, \u00e9motionnel, physique, musical et social.<\/p>\n<\/div>\n<\/div>\n<\/div>\n<\/div>\n\n\n\n<div class=\"is-layout-flex wp-container-7 wp-block-columns\">\n<div class=\"is-layout-flow wp-block-column\">\n<p class=\"has-brown-color has-text-color\">Les sp\u00e9cialisations de Nick en musicoth\u00e9rapie sont les troubles du spectre autistique (TSA) et la g\u00e9riatrie. Nick a fait ses stages cliniques en musicoth\u00e9rapie avec Esther Thane et Emily Naccarato de ET Music Therapy \u00e0 Vancouver, ainsi qu'avec Mary Cobham de Mary Music Therapy. Apr\u00e8s son stage, Nick a d\u00e9cid\u00e9 de s'installer dans sa ville natale de Moncton, au Nouveau-Brunswick, afin de commencer musicoth\u00e9rapie Alto et de sensibiliser davantage les provinces de l'Atlantique au pouvoir et \u00e0 la puissance de la musicoth\u00e9rapie.<\/p>\n<\/div>\n<\/div>","protected":false},"excerpt":{"rendered":"<p>Nicholas Smith Nicholas Smith is a Certified Music Therapist, having passed the Certification Board for Music Therapists board exam on June 2nd, 2022. Nicholas also [&hellip;]<\/p>","protected":false},"author":1,"featured_media":0,"parent":0,"menu_order":0,"comment_status":"closed","ping_status":"closed","template":"","meta":{"om_disable_all_campaigns":false,"_monsterinsights_skip_tracking":false,"_monsterinsights_sitenote_active":false,"_monsterinsights_sitenote_note":"","_monsterinsights_sitenote_category":0},"aioseo_notices":[],"_links":{"self":[{"href":"https:\/\/altomusictherapy.ca\/fr\/wp-json\/wp\/v2\/pages\/48"}],"collection":[{"href":"https:\/\/altomusictherapy.ca\/fr\/wp-json\/wp\/v2\/pages"}],"about":[{"href":"https:\/\/altomusictherapy.ca\/fr\/wp-json\/wp\/v2\/types\/page"}],"author":[{"embeddable":true,"href":"https:\/\/altomusictherapy.ca\/fr\/wp-json\/wp\/v2\/users\/1"}],"replies":[{"embeddable":true,"href":"https:\/\/altomusictherapy.ca\/fr\/wp-json\/wp\/v2\/comments?post=48"}],"version-history":[{"count":13,"href":"https:\/\/altomusictherapy.ca\/fr\/wp-json\/wp\/v2\/pages\/48\/revisions"}],"predecessor-version":[{"id":210,"href":"https:\/\/altomusictherapy.ca\/fr\/wp-json\/wp\/v2\/pages\/48\/revisions\/210"}],"wp:attachment":[{"href":"https:\/\/altomusictherapy.ca\/fr\/wp-json\/wp\/v2\/media?parent=48"}],"curies":[{"name":"wp","href":"https:\/\/api.w.org\/{rel}","templated":true}]}}